{"id":3722,"date":"2023-04-11T04:50:27","date_gmt":"2023-04-11T04:50:27","guid":{"rendered":"https:\/\/xn--typisch-s-x9a.ch\/?page_id=3722"},"modified":"2023-04-11T05:47:42","modified_gmt":"2023-04-11T05:47:42","slug":"via-berna-1-bellelay-tramelan","status":"publish","type":"page","link":"https:\/\/xn--typisch-s-x9a.ch\/?page_id=3722","title":{"rendered":"Via Berna 1 &#8211; Bellelay &#8211; Tramelan"},"content":{"rendered":"\n<p>Start an Karsamstag 2023. Mit den Auto fuhren wir bis Reconvilier. Von dort f\u00fchrte das Postauto uns zum Ausgangspunkt nach Bellelay. \u00dcberall Schnee, lange Gesichter&#8230; Im Poschi sassen doch mit uns einige Wanderer, welche nicht &#8211; wie wir auch &#8211; mit Schnee gerechnet hatten&#8230;.<\/p>\n\n\n\n<p>Egal, die weisse Pracht wird uns bestimmt nicht lange auf unserem Weg begleiten. Dachten wir.<\/p>\n\n\n\n<p>Die erste Etappe wird mit &#171;leicht&#187; beschrieben. Dies trifft ganz bestimmt auch zu &#8211; bei sch\u00f6nem Wetter. Wir rutschen und stapften durch den Pflotsch, nach zwei Kilometern waren die (eigentlich gut impr\u00e4gnierten) Schuhe voll und die Socken nass. Es folgten noch 10 Kilometer&#8230;<\/p>\n\n\n\n<p>Der Weg f\u00fchrte bald einmal recht steil auf die Jurah\u00f6he und von da an stets ein wenig abfallend durch wundersch\u00f6ne, aber eben weisse Jura-Landschaften. Die bekannte Blumenpracht mit vielen Osterglocken, Narzissen usw war wundersch\u00f6n, einfach f\u00fcr uns nur selten unter der Schneedecke ersichtlich. Kurz vor Tramelan f\u00fchrte der Weg uns steil ins Dorf. Mit der Chemins de fer du Jura fuhren wir zur\u00fcck zu unserem Ausgangsort. Dort g\u00f6nnten wir uns im Supermarkt zwei paar trockene Socken ;-).<\/p>\n\n\n\n<figure class=\"wp-block-image size-large\"><img loading=\"lazy\" decoding=\"async\" width=\"1024\" height=\"512\" src=\"https:\/\/xn--typisch-s-x9a.ch\/wp-content\/uploads\/2023\/04\/img_6008-1024x512.jpg\" alt=\"\" class=\"wp-image-3743\" srcset=\"https:\/\/xn--typisch-s-x9a.ch\/wp-content\/uploads\/2023\/04\/img_6008-1024x512.jpg 1024w, https:\/\/xn--typisch-s-x9a.ch\/wp-content\/uploads\/2023\/04\/img_6008-300x150.jpg 300w, https:\/\/xn--typisch-s-x9a.ch\/wp-content\/uploads\/2023\/04\/img_6008-768x384.jpg 768w, https:\/\/xn--typisch-s-x9a.ch\/wp-content\/uploads\/2023\/04\/img_6008-1536x768.jpg 1536w, https:\/\/xn--typisch-s-x9a.ch\/wp-content\/uploads\/2023\/04\/img_6008.jpg 2000w\" sizes=\"auto, (max-width: 706px) 89vw, (max-width: 767px) 82vw, 740px\" \/><\/figure>\n\n\n\n<figure class=\"wp-block-image size-large\"><img loading=\"lazy\" decoding=\"async\" width=\"1024\" height=\"512\" src=\"https:\/\/xn--typisch-s-x9a.ch\/wp-content\/uploads\/2023\/04\/IMG_5997-1024x512.jpeg\" alt=\"\" class=\"wp-image-3713\" srcset=\"https:\/\/xn--typisch-s-x9a.ch\/wp-content\/uploads\/2023\/04\/IMG_5997-1024x512.jpeg 1024w, https:\/\/xn--typisch-s-x9a.ch\/wp-content\/uploads\/2023\/04\/IMG_5997-300x150.jpeg 300w, https:\/\/xn--typisch-s-x9a.ch\/wp-content\/uploads\/2023\/04\/IMG_5997-768x384.jpeg 768w, https:\/\/xn--typisch-s-x9a.ch\/wp-content\/uploads\/2023\/04\/IMG_5997-1536x768.jpeg 1536w, https:\/\/xn--typisch-s-x9a.ch\/wp-content\/uploads\/2023\/04\/IMG_5997.jpeg 2000w\" sizes=\"auto, (max-width: 706px) 89vw, (max-width: 767px) 82vw, 740px\" \/><\/figure>\n\n\n\n<figure class=\"wp-block-image size-large\"><img loading=\"lazy\" decoding=\"async\" width=\"1024\" height=\"512\" src=\"https:\/\/xn--typisch-s-x9a.ch\/wp-content\/uploads\/2023\/04\/IMG_6000-1024x512.jpeg\" alt=\"\" class=\"wp-image-3716\" srcset=\"https:\/\/xn--typisch-s-x9a.ch\/wp-content\/uploads\/2023\/04\/IMG_6000-1024x512.jpeg 1024w, https:\/\/xn--typisch-s-x9a.ch\/wp-content\/uploads\/2023\/04\/IMG_6000-300x150.jpeg 300w, https:\/\/xn--typisch-s-x9a.ch\/wp-content\/uploads\/2023\/04\/IMG_6000-768x384.jpeg 768w, https:\/\/xn--typisch-s-x9a.ch\/wp-content\/uploads\/2023\/04\/IMG_6000-1536x768.jpeg 1536w, https:\/\/xn--typisch-s-x9a.ch\/wp-content\/uploads\/2023\/04\/IMG_6000.jpeg 2000w\" sizes=\"auto, (max-width: 706px) 89vw, (max-width: 767px) 82vw, 740px\" \/><\/figure>\n\n\n\n<figure class=\"wp-block-image size-large\"><img loading=\"lazy\" decoding=\"async\" width=\"1024\" height=\"512\" src=\"https:\/\/xn--typisch-s-x9a.ch\/wp-content\/uploads\/2023\/04\/IMG_5999-1024x512.jpeg\" alt=\"\" class=\"wp-image-3715\" srcset=\"https:\/\/xn--typisch-s-x9a.ch\/wp-content\/uploads\/2023\/04\/IMG_5999-1024x512.jpeg 1024w, https:\/\/xn--typisch-s-x9a.ch\/wp-content\/uploads\/2023\/04\/IMG_5999-300x150.jpeg 300w, https:\/\/xn--typisch-s-x9a.ch\/wp-content\/uploads\/2023\/04\/IMG_5999-768x384.jpeg 768w, https:\/\/xn--typisch-s-x9a.ch\/wp-content\/uploads\/2023\/04\/IMG_5999-1536x768.jpeg 1536w, https:\/\/xn--typisch-s-x9a.ch\/wp-content\/uploads\/2023\/04\/IMG_5999.jpeg 2000w\" sizes=\"auto, (max-width: 706px) 89vw, (max-width: 767px) 82vw, 740px\" \/><\/figure>\n\n\n\n<figure class=\"wp-block-image size-large\"><img loading=\"lazy\" decoding=\"async\" width=\"1024\" height=\"512\" src=\"https:\/\/xn--typisch-s-x9a.ch\/wp-content\/uploads\/2023\/04\/IMG_6004-1024x512.jpeg\" alt=\"\" class=\"wp-image-3718\" srcset=\"https:\/\/xn--typisch-s-x9a.ch\/wp-content\/uploads\/2023\/04\/IMG_6004-1024x512.jpeg 1024w, https:\/\/xn--typisch-s-x9a.ch\/wp-content\/uploads\/2023\/04\/IMG_6004-300x150.jpeg 300w, https:\/\/xn--typisch-s-x9a.ch\/wp-content\/uploads\/2023\/04\/IMG_6004-768x384.jpeg 768w, https:\/\/xn--typisch-s-x9a.ch\/wp-content\/uploads\/2023\/04\/IMG_6004-1536x768.jpeg 1536w, https:\/\/xn--typisch-s-x9a.ch\/wp-content\/uploads\/2023\/04\/IMG_6004.jpeg 2000w\" sizes=\"auto, (max-width: 706px) 89vw, (max-width: 767px) 82vw, 740px\" \/><\/figure>\n\n\n\n<figure class=\"wp-block-image size-large\"><img loading=\"lazy\" decoding=\"async\" width=\"1024\" height=\"512\" src=\"https:\/\/xn--typisch-s-x9a.ch\/wp-content\/uploads\/2023\/04\/IMG_6003-1024x512.jpeg\" alt=\"\" class=\"wp-image-3719\" srcset=\"https:\/\/xn--typisch-s-x9a.ch\/wp-content\/uploads\/2023\/04\/IMG_6003-1024x512.jpeg 1024w, https:\/\/xn--typisch-s-x9a.ch\/wp-content\/uploads\/2023\/04\/IMG_6003-300x150.jpeg 300w, https:\/\/xn--typisch-s-x9a.ch\/wp-content\/uploads\/2023\/04\/IMG_6003-768x384.jpeg 768w, https:\/\/xn--typisch-s-x9a.ch\/wp-content\/uploads\/2023\/04\/IMG_6003-1536x768.jpeg 1536w, https:\/\/xn--typisch-s-x9a.ch\/wp-content\/uploads\/2023\/04\/IMG_6003.jpeg 2000w\" sizes=\"auto, (max-width: 706px) 89vw, (max-width: 767px) 82vw, 740px\" \/><\/figure>\n\n\n\n<figure class=\"wp-block-image size-large\"><img loading=\"lazy\" decoding=\"async\" width=\"1024\" height=\"512\" src=\"https:\/\/xn--typisch-s-x9a.ch\/wp-content\/uploads\/2023\/04\/IMG_5998-1024x512.jpeg\" alt=\"\" class=\"wp-image-3714\" srcset=\"https:\/\/xn--typisch-s-x9a.ch\/wp-content\/uploads\/2023\/04\/IMG_5998-1024x512.jpeg 1024w, https:\/\/xn--typisch-s-x9a.ch\/wp-content\/uploads\/2023\/04\/IMG_5998-300x150.jpeg 300w, https:\/\/xn--typisch-s-x9a.ch\/wp-content\/uploads\/2023\/04\/IMG_5998-768x384.jpeg 768w, https:\/\/xn--typisch-s-x9a.ch\/wp-content\/uploads\/2023\/04\/IMG_5998-1536x768.jpeg 1536w, https:\/\/xn--typisch-s-x9a.ch\/wp-content\/uploads\/2023\/04\/IMG_5998.jpeg 2000w\" sizes=\"auto, (max-width: 706px) 89vw, (max-width: 767px) 82vw, 740px\" \/><\/figure>\n\n\n\n<figure class=\"wp-block-image size-large\"><img loading=\"lazy\" decoding=\"async\" width=\"1024\" height=\"512\" src=\"https:\/\/xn--typisch-s-x9a.ch\/wp-content\/uploads\/2023\/04\/IMG_6002-1024x512.jpeg\" alt=\"\" class=\"wp-image-3717\" srcset=\"https:\/\/xn--typisch-s-x9a.ch\/wp-content\/uploads\/2023\/04\/IMG_6002-1024x512.jpeg 1024w, https:\/\/xn--typisch-s-x9a.ch\/wp-content\/uploads\/2023\/04\/IMG_6002-300x150.jpeg 300w, https:\/\/xn--typisch-s-x9a.ch\/wp-content\/uploads\/2023\/04\/IMG_6002-768x384.jpeg 768w, https:\/\/xn--typisch-s-x9a.ch\/wp-content\/uploads\/2023\/04\/IMG_6002-1536x768.jpeg 1536w, https:\/\/xn--typisch-s-x9a.ch\/wp-content\/uploads\/2023\/04\/IMG_6002.jpeg 2000w\" sizes=\"auto, (max-width: 706px) 89vw, (max-width: 767px) 82vw, 740px\" \/><\/figure>\n\n\n\n<figure class=\"wp-block-image size-large\"><img loading=\"lazy\" decoding=\"async\" width=\"1024\" height=\"512\" src=\"https:\/\/xn--typisch-s-x9a.ch\/wp-content\/uploads\/2023\/04\/IMG_5995-1024x512.jpeg\" alt=\"\" class=\"wp-image-3712\" srcset=\"https:\/\/xn--typisch-s-x9a.ch\/wp-content\/uploads\/2023\/04\/IMG_5995-1024x512.jpeg 1024w, https:\/\/xn--typisch-s-x9a.ch\/wp-content\/uploads\/2023\/04\/IMG_5995-300x150.jpeg 300w, https:\/\/xn--typisch-s-x9a.ch\/wp-content\/uploads\/2023\/04\/IMG_5995-768x384.jpeg 768w, https:\/\/xn--typisch-s-x9a.ch\/wp-content\/uploads\/2023\/04\/IMG_5995-1536x768.jpeg 1536w, https:\/\/xn--typisch-s-x9a.ch\/wp-content\/uploads\/2023\/04\/IMG_5995.jpeg 2000w\" sizes=\"auto, (max-width: 706px) 89vw, (max-width: 767px) 82vw, 740px\" \/><\/figure>\n","protected":false},"excerpt":{"rendered":"<p>Start an Karsamstag 2023. Mit den Auto fuhren wir bis Reconvilier. Von dort f\u00fchrte das Postauto uns zum Ausgangspunkt nach Bellelay. \u00dcberall Schnee, lange Gesichter&#8230; Im Poschi sassen doch mit uns einige Wanderer, welche nicht &#8211; wie wir auch &#8211; mit Schnee gerechnet hatten&#8230;. Egal, die weisse Pracht wird uns bestimmt nicht lange auf unserem &hellip; <\/p>\n<p class=\"link-more\"><a href=\"https:\/\/xn--typisch-s-x9a.ch\/?page_id=3722\" class=\"more-link\"><span class=\"screen-reader-text\">&#171;Via Berna 1 &#8211; Bellelay &#8211; Tramelan&#187;<\/span> weiterlesen<\/a><\/p>\n","protected":false},"author":1,"featured_media":3711,"parent":0,"menu_order":0,"comment_status":"closed","ping_status":"closed","template":"","meta":{"footnotes":""},"class_list":["post-3722","page","type-page","status-publish","has-post-thumbnail","hentry"],"jetpack_sharing_enabled":true,"_links":{"self":[{"href":"https:\/\/xn--typisch-s-x9a.ch\/index.php?rest_route=\/wp\/v2\/pages\/3722","targetHints":{"allow":["GET"]}}],"collection":[{"href":"https:\/\/xn--typisch-s-x9a.ch\/index.php?rest_route=\/wp\/v2\/pages"}],"about":[{"href":"https:\/\/xn--typisch-s-x9a.ch\/index.php?rest_route=\/wp\/v2\/types\/page"}],"author":[{"embeddable":true,"href":"https:\/\/xn--typisch-s-x9a.ch\/index.php?rest_route=\/wp\/v2\/users\/1"}],"replies":[{"embeddable":true,"href":"https:\/\/xn--typisch-s-x9a.ch\/index.php?rest_route=%2Fwp%2Fv2%2Fcomments&post=3722"}],"version-history":[{"count":6,"href":"https:\/\/xn--typisch-s-x9a.ch\/index.php?rest_route=\/wp\/v2\/pages\/3722\/revisions"}],"predecessor-version":[{"id":3748,"href":"https:\/\/xn--typisch-s-x9a.ch\/index.php?rest_route=\/wp\/v2\/pages\/3722\/revisions\/3748"}],"wp:featuredmedia":[{"embeddable":true,"href":"https:\/\/xn--typisch-s-x9a.ch\/index.php?rest_route=\/wp\/v2\/media\/3711"}],"wp:attachment":[{"href":"https:\/\/xn--typisch-s-x9a.ch\/index.php?rest_route=%2Fwp%2Fv2%2Fmedia&parent=3722"}],"curies":[{"name":"wp","href":"https:\/\/api.w.org\/{rel}","templated":true}]}}