{"id":198,"date":"2018-07-04T07:15:30","date_gmt":"2018-07-04T07:15:30","guid":{"rendered":"https:\/\/xn--typisch-s-x9a.ch\/?page_id=198"},"modified":"2018-07-12T18:21:50","modified_gmt":"2018-07-12T18:21:50","slug":"kulinarik","status":"publish","type":"page","link":"https:\/\/xn--typisch-s-x9a.ch\/?page_id=198","title":{"rendered":"Kulinarik"},"content":{"rendered":"<p>Die Seite f\u00fcr Kochl\u00f6ffel-Liebhaber. Hier sind Rezepte zu finden. Und unsere Lieblingstool&#8217;s in der K\u00fcche. Und Ideen. Und unsere kulinarische Erfahrungen. Also ideal f\u00fcr alle Gastrosexuellen. Typisch \u00fcs eben.<\/p>\n","protected":false},"excerpt":{"rendered":"<p>Die Seite f\u00fcr Kochl\u00f6ffel-Liebhaber. Hier sind Rezepte zu finden. Und unsere Lieblingstool&#8217;s in der K\u00fcche. Und Ideen. Und unsere kulinarische Erfahrungen. Also ideal f\u00fcr alle Gastrosexuellen. Typisch \u00fcs eben.<\/p>\n","protected":false},"author":1,"featured_media":287,"parent":0,"menu_order":0,"comment_status":"closed","ping_status":"closed","template":"","meta":{"footnotes":""},"class_list":["post-198","page","type-page","status-publish","has-post-thumbnail","hentry"],"jetpack_sharing_enabled":true,"_links":{"self":[{"href":"https:\/\/xn--typisch-s-x9a.ch\/index.php?rest_route=\/wp\/v2\/pages\/198","targetHints":{"allow":["GET"]}}],"collection":[{"href":"https:\/\/xn--typisch-s-x9a.ch\/index.php?rest_route=\/wp\/v2\/pages"}],"about":[{"href":"https:\/\/xn--typisch-s-x9a.ch\/index.php?rest_route=\/wp\/v2\/types\/page"}],"author":[{"embeddable":true,"href":"https:\/\/xn--typisch-s-x9a.ch\/index.php?rest_route=\/wp\/v2\/users\/1"}],"replies":[{"embeddable":true,"href":"https:\/\/xn--typisch-s-x9a.ch\/index.php?rest_route=%2Fwp%2Fv2%2Fcomments&post=198"}],"version-history":[{"count":3,"href":"https:\/\/xn--typisch-s-x9a.ch\/index.php?rest_route=\/wp\/v2\/pages\/198\/revisions"}],"predecessor-version":[{"id":423,"href":"https:\/\/xn--typisch-s-x9a.ch\/index.php?rest_route=\/wp\/v2\/pages\/198\/revisions\/423"}],"wp:featuredmedia":[{"embeddable":true,"href":"https:\/\/xn--typisch-s-x9a.ch\/index.php?rest_route=\/wp\/v2\/media\/287"}],"wp:attachment":[{"href":"https:\/\/xn--typisch-s-x9a.ch\/index.php?rest_route=%2Fwp%2Fv2%2Fmedia&parent=198"}],"curies":[{"name":"wp","href":"https:\/\/api.w.org\/{rel}","templated":true}]}}