{"id":1495,"date":"2019-05-09T09:18:27","date_gmt":"2019-05-09T09:18:27","guid":{"rendered":"https:\/\/xn--typisch-s-x9a.ch\/?page_id=1495"},"modified":"2019-05-09T10:53:32","modified_gmt":"2019-05-09T10:53:32","slug":"hilfe-die-barrys-sind-da-mare7-im-element","status":"publish","type":"page","link":"https:\/\/xn--typisch-s-x9a.ch\/?page_id=1495","title":{"rendered":"Hilfe, die Barry&#8217;s sind da &#8211; mare7 im Element!"},"content":{"rendered":"\n<p>Was f\u00fcr ein toller Ausflug &#8211; merci Ursula und Dominique f\u00fcr die gelungene \u00dcberraschung mit dem Besuch des  <a href=\"https:\/\/fondation-barry.ch\/DE\/\">Hospice du Grand-St-Bernard<\/a> !<\/p>\n\n\n\n<p>Durchaus eine Alternative zu unseren geliebten Neufundl\u00e4ndern&#8230;<\/p>\n\n\n\n<figure class=\"wp-block-image\"><img loading=\"lazy\" decoding=\"async\" width=\"2000\" height=\"1000\" src=\"https:\/\/xn--typisch-s-x9a.ch\/wp-content\/uploads\/2019\/05\/img_7682-1.jpg\" alt=\"\" class=\"wp-image-1504\" srcset=\"https:\/\/xn--typisch-s-x9a.ch\/wp-content\/uploads\/2019\/05\/img_7682-1.jpg 2000w, https:\/\/xn--typisch-s-x9a.ch\/wp-content\/uploads\/2019\/05\/img_7682-1-300x150.jpg 300w, https:\/\/xn--typisch-s-x9a.ch\/wp-content\/uploads\/2019\/05\/img_7682-1-768x384.jpg 768w, https:\/\/xn--typisch-s-x9a.ch\/wp-content\/uploads\/2019\/05\/img_7682-1-1024x512.jpg 1024w\" sizes=\"auto, (max-width: 706px) 89vw, (max-width: 767px) 82vw, 740px\" \/><\/figure>\n\n\n\n<figure class=\"wp-block-image\"><img loading=\"lazy\" decoding=\"async\" width=\"2000\" height=\"1000\" src=\"https:\/\/xn--typisch-s-x9a.ch\/wp-content\/uploads\/2019\/05\/img_7682-2.jpg\" alt=\"\" class=\"wp-image-1505\" srcset=\"https:\/\/xn--typisch-s-x9a.ch\/wp-content\/uploads\/2019\/05\/img_7682-2.jpg 2000w, https:\/\/xn--typisch-s-x9a.ch\/wp-content\/uploads\/2019\/05\/img_7682-2-300x150.jpg 300w, https:\/\/xn--typisch-s-x9a.ch\/wp-content\/uploads\/2019\/05\/img_7682-2-768x384.jpg 768w, https:\/\/xn--typisch-s-x9a.ch\/wp-content\/uploads\/2019\/05\/img_7682-2-1024x512.jpg 1024w\" sizes=\"auto, (max-width: 706px) 89vw, (max-width: 767px) 82vw, 740px\" \/><\/figure>\n\n\n\n<figure class=\"wp-block-image\"><img loading=\"lazy\" decoding=\"async\" width=\"2000\" height=\"1000\" src=\"https:\/\/xn--typisch-s-x9a.ch\/wp-content\/uploads\/2019\/05\/img_7682-3.jpg\" alt=\"\" class=\"wp-image-1506\" srcset=\"https:\/\/xn--typisch-s-x9a.ch\/wp-content\/uploads\/2019\/05\/img_7682-3.jpg 2000w, https:\/\/xn--typisch-s-x9a.ch\/wp-content\/uploads\/2019\/05\/img_7682-3-300x150.jpg 300w, https:\/\/xn--typisch-s-x9a.ch\/wp-content\/uploads\/2019\/05\/img_7682-3-768x384.jpg 768w, https:\/\/xn--typisch-s-x9a.ch\/wp-content\/uploads\/2019\/05\/img_7682-3-1024x512.jpg 1024w\" sizes=\"auto, (max-width: 706px) 89vw, (max-width: 767px) 82vw, 740px\" \/><\/figure>\n","protected":false},"excerpt":{"rendered":"<p>Was f\u00fcr ein toller Ausflug &#8211; merci Ursula und Dominique f\u00fcr die gelungene \u00dcberraschung mit dem Besuch des Hospice du Grand-St-Bernard ! Durchaus eine Alternative zu unseren geliebten Neufundl\u00e4ndern&#8230;<\/p>\n","protected":false},"author":1,"featured_media":1503,"parent":0,"menu_order":0,"comment_status":"closed","ping_status":"closed","template":"","meta":{"footnotes":""},"class_list":["post-1495","page","type-page","status-publish","has-post-thumbnail","hentry"],"jetpack_sharing_enabled":true,"_links":{"self":[{"href":"https:\/\/xn--typisch-s-x9a.ch\/index.php?rest_route=\/wp\/v2\/pages\/1495","targetHints":{"allow":["GET"]}}],"collection":[{"href":"https:\/\/xn--typisch-s-x9a.ch\/index.php?rest_route=\/wp\/v2\/pages"}],"about":[{"href":"https:\/\/xn--typisch-s-x9a.ch\/index.php?rest_route=\/wp\/v2\/types\/page"}],"author":[{"embeddable":true,"href":"https:\/\/xn--typisch-s-x9a.ch\/index.php?rest_route=\/wp\/v2\/users\/1"}],"replies":[{"embeddable":true,"href":"https:\/\/xn--typisch-s-x9a.ch\/index.php?rest_route=%2Fwp%2Fv2%2Fcomments&post=1495"}],"version-history":[{"count":4,"href":"https:\/\/xn--typisch-s-x9a.ch\/index.php?rest_route=\/wp\/v2\/pages\/1495\/revisions"}],"predecessor-version":[{"id":1540,"href":"https:\/\/xn--typisch-s-x9a.ch\/index.php?rest_route=\/wp\/v2\/pages\/1495\/revisions\/1540"}],"wp:featuredmedia":[{"embeddable":true,"href":"https:\/\/xn--typisch-s-x9a.ch\/index.php?rest_route=\/wp\/v2\/media\/1503"}],"wp:attachment":[{"href":"https:\/\/xn--typisch-s-x9a.ch\/index.php?rest_route=%2Fwp%2Fv2%2Fmedia&parent=1495"}],"curies":[{"name":"wp","href":"https:\/\/api.w.org\/{rel}","templated":true}]}}