{"id":1490,"date":"2019-05-09T08:12:19","date_gmt":"2019-05-09T08:12:19","guid":{"rendered":"https:\/\/xn--typisch-s-x9a.ch\/?page_id=1490"},"modified":"2019-05-23T14:42:13","modified_gmt":"2019-05-23T14:42:13","slug":"tag-8-vagar-und-heimreise","status":"publish","type":"page","link":"https:\/\/xn--typisch-s-x9a.ch\/?page_id=1490","title":{"rendered":"Tag 8 &#8211; Vagar und Heimreise"},"content":{"rendered":"\n<p>Wir stehen fr\u00fch auf, obschon eigentlich kein Grund zur Eile ist. Das Hotel liegt neben dem Flughafen und ist in 1-2 Minuten erreichbar.<\/p>\n\n\n\n<p>Wir entschliessen uns noch einmal in Richtung Mi\u00f0v\u00e1gur zu fahren. Dort tanken wir unseren Leihwagen. Danach fahren wir noch einmal fast bis zum Mulafossur-Wasserfall. Dort sitzen wir im Auto und geniessen noch einmal genau den Ausblick auf die markanten Felsen, welche wir als erstes bei der Ankunft gesehen haben.<\/p>\n\n\n\n<p>Endlich reissen wir uns los und erreichen bald einmal den Flughafen.<\/p>\n\n\n\n<p>Der Pilot prophezeit uns einen turbulenten Flug nach Kopenhagen. Der Flug war allerdings absolut problemlos und ruhig.<\/p>\n\n\n\n<p>In Kopenhagen sind wir im Transitbereich an ein Sushi-Restaurant getroffen &#8211; diese Gelegenheit liessen wir uns nat\u00fcrlich nicht nehmen, schliessslich hatten wir 2 Stunden Aufenthalt.<\/p>\n\n\n\n<p>Danach stiegen wir in das Flugzeug nach Z\u00fcrich und erreichten auch bald einmal unser Ziel in der Schweiz.<\/p>\n\n\n\n<p>Auch die Verbindung mit dem Zug war dank 25 min\u00fctiger Versp\u00e4tung der SBB punktgenau richtig f\u00fcr uns und so waren wir kurz nach 23.00 Zuhause.<\/p>\n\n\n\n<p>So, das w\u00e4ren sie schon wieder gewesen &#8211; unsere Ferien, auf welche wir so lange gewartet haben&#8230;<\/p>\n\n\n\n<p>  Farv\u00e6l  Faroe-Island!    Vit hittast v\u00f3nande aftur!<\/p>\n\n\n\n<figure class=\"wp-block-image\"><img loading=\"lazy\" decoding=\"async\" width=\"2000\" height=\"1000\" src=\"https:\/\/xn--typisch-s-x9a.ch\/wp-content\/uploads\/2019\/05\/img_9221.jpg\" alt=\"\" class=\"wp-image-1552\" srcset=\"https:\/\/xn--typisch-s-x9a.ch\/wp-content\/uploads\/2019\/05\/img_9221.jpg 2000w, https:\/\/xn--typisch-s-x9a.ch\/wp-content\/uploads\/2019\/05\/img_9221-300x150.jpg 300w, https:\/\/xn--typisch-s-x9a.ch\/wp-content\/uploads\/2019\/05\/img_9221-768x384.jpg 768w, https:\/\/xn--typisch-s-x9a.ch\/wp-content\/uploads\/2019\/05\/img_9221-1024x512.jpg 1024w\" sizes=\"auto, (max-width: 706px) 89vw, (max-width: 767px) 82vw, 740px\" \/><\/figure>\n\n\n\n<figure class=\"wp-block-image\"><img loading=\"lazy\" decoding=\"async\" width=\"2000\" height=\"1000\" src=\"https:\/\/xn--typisch-s-x9a.ch\/wp-content\/uploads\/2019\/05\/img_6255.jpg\" alt=\"\" class=\"wp-image-1571\" srcset=\"https:\/\/xn--typisch-s-x9a.ch\/wp-content\/uploads\/2019\/05\/img_6255.jpg 2000w, https:\/\/xn--typisch-s-x9a.ch\/wp-content\/uploads\/2019\/05\/img_6255-300x150.jpg 300w, https:\/\/xn--typisch-s-x9a.ch\/wp-content\/uploads\/2019\/05\/img_6255-768x384.jpg 768w, https:\/\/xn--typisch-s-x9a.ch\/wp-content\/uploads\/2019\/05\/img_6255-1024x512.jpg 1024w\" sizes=\"auto, (max-width: 706px) 89vw, (max-width: 767px) 82vw, 740px\" \/><\/figure>\n\n\n\n<figure class=\"wp-block-image\"><img loading=\"lazy\" decoding=\"async\" width=\"2000\" height=\"1000\" src=\"https:\/\/xn--typisch-s-x9a.ch\/wp-content\/uploads\/2019\/05\/img_7023-1.jpg\" alt=\"\" class=\"wp-image-1637\" srcset=\"https:\/\/xn--typisch-s-x9a.ch\/wp-content\/uploads\/2019\/05\/img_7023-1.jpg 2000w, https:\/\/xn--typisch-s-x9a.ch\/wp-content\/uploads\/2019\/05\/img_7023-1-300x150.jpg 300w, https:\/\/xn--typisch-s-x9a.ch\/wp-content\/uploads\/2019\/05\/img_7023-1-768x384.jpg 768w, https:\/\/xn--typisch-s-x9a.ch\/wp-content\/uploads\/2019\/05\/img_7023-1-1024x512.jpg 1024w\" sizes=\"auto, (max-width: 706px) 89vw, (max-width: 767px) 82vw, 740px\" \/><\/figure>\n\n\n\n<figure class=\"wp-block-image\"><img loading=\"lazy\" decoding=\"async\" width=\"2000\" height=\"1000\" src=\"https:\/\/xn--typisch-s-x9a.ch\/wp-content\/uploads\/2019\/05\/img_7169-1-1.jpg\" alt=\"\" class=\"wp-image-1659\" srcset=\"https:\/\/xn--typisch-s-x9a.ch\/wp-content\/uploads\/2019\/05\/img_7169-1-1.jpg 2000w, https:\/\/xn--typisch-s-x9a.ch\/wp-content\/uploads\/2019\/05\/img_7169-1-1-300x150.jpg 300w, https:\/\/xn--typisch-s-x9a.ch\/wp-content\/uploads\/2019\/05\/img_7169-1-1-768x384.jpg 768w, https:\/\/xn--typisch-s-x9a.ch\/wp-content\/uploads\/2019\/05\/img_7169-1-1-1024x512.jpg 1024w\" sizes=\"auto, (max-width: 706px) 89vw, (max-width: 767px) 82vw, 740px\" \/><\/figure>\n\n\n\n<figure class=\"wp-block-image\"><img loading=\"lazy\" decoding=\"async\" width=\"2000\" height=\"1000\" src=\"https:\/\/xn--typisch-s-x9a.ch\/wp-content\/uploads\/2019\/05\/B8C142AB-6579-4488-A977-48C78B4639E5.jpeg\" alt=\"\" class=\"wp-image-1664\" srcset=\"https:\/\/xn--typisch-s-x9a.ch\/wp-content\/uploads\/2019\/05\/B8C142AB-6579-4488-A977-48C78B4639E5.jpeg 2000w, https:\/\/xn--typisch-s-x9a.ch\/wp-content\/uploads\/2019\/05\/B8C142AB-6579-4488-A977-48C78B4639E5-300x150.jpeg 300w, https:\/\/xn--typisch-s-x9a.ch\/wp-content\/uploads\/2019\/05\/B8C142AB-6579-4488-A977-48C78B4639E5-768x384.jpeg 768w, https:\/\/xn--typisch-s-x9a.ch\/wp-content\/uploads\/2019\/05\/B8C142AB-6579-4488-A977-48C78B4639E5-1024x512.jpeg 1024w\" sizes=\"auto, (max-width: 706px) 89vw, (max-width: 767px) 82vw, 740px\" \/><\/figure>\n\n\n\n<figure class=\"wp-block-image\"><img loading=\"lazy\" decoding=\"async\" width=\"2000\" height=\"1000\" src=\"https:\/\/xn--typisch-s-x9a.ch\/wp-content\/uploads\/2019\/05\/img_7554.jpg\" alt=\"\" class=\"wp-image-1667\" srcset=\"https:\/\/xn--typisch-s-x9a.ch\/wp-content\/uploads\/2019\/05\/img_7554.jpg 2000w, https:\/\/xn--typisch-s-x9a.ch\/wp-content\/uploads\/2019\/05\/img_7554-300x150.jpg 300w, https:\/\/xn--typisch-s-x9a.ch\/wp-content\/uploads\/2019\/05\/img_7554-768x384.jpg 768w, https:\/\/xn--typisch-s-x9a.ch\/wp-content\/uploads\/2019\/05\/img_7554-1024x512.jpg 1024w\" sizes=\"auto, (max-width: 706px) 89vw, (max-width: 767px) 82vw, 740px\" \/><\/figure>\n","protected":false},"excerpt":{"rendered":"<p>Wir stehen fr\u00fch auf, obschon eigentlich kein Grund zur Eile ist. Das Hotel liegt neben dem Flughafen und ist in 1-2 Minuten erreichbar. Wir entschliessen uns noch einmal in Richtung Mi\u00f0v\u00e1gur zu fahren. Dort tanken wir unseren Leihwagen. Danach fahren wir noch einmal fast bis zum Mulafossur-Wasserfall. Dort sitzen wir im Auto und geniessen noch &hellip; <\/p>\n<p class=\"link-more\"><a href=\"https:\/\/xn--typisch-s-x9a.ch\/?page_id=1490\" class=\"more-link\"><span class=\"screen-reader-text\">&#171;Tag 8 &#8211; Vagar und Heimreise&#187;<\/span> weiterlesen<\/a><\/p>\n","protected":false},"author":1,"featured_media":0,"parent":0,"menu_order":0,"comment_status":"closed","ping_status":"closed","template":"","meta":{"footnotes":""},"class_list":["post-1490","page","type-page","status-publish","hentry"],"jetpack_sharing_enabled":true,"_links":{"self":[{"href":"https:\/\/xn--typisch-s-x9a.ch\/index.php?rest_route=\/wp\/v2\/pages\/1490","targetHints":{"allow":["GET"]}}],"collection":[{"href":"https:\/\/xn--typisch-s-x9a.ch\/index.php?rest_route=\/wp\/v2\/pages"}],"about":[{"href":"https:\/\/xn--typisch-s-x9a.ch\/index.php?rest_route=\/wp\/v2\/types\/page"}],"author":[{"embeddable":true,"href":"https:\/\/xn--typisch-s-x9a.ch\/index.php?rest_route=\/wp\/v2\/users\/1"}],"replies":[{"embeddable":true,"href":"https:\/\/xn--typisch-s-x9a.ch\/index.php?rest_route=%2Fwp%2Fv2%2Fcomments&post=1490"}],"version-history":[{"count":3,"href":"https:\/\/xn--typisch-s-x9a.ch\/index.php?rest_route=\/wp\/v2\/pages\/1490\/revisions"}],"predecessor-version":[{"id":1677,"href":"https:\/\/xn--typisch-s-x9a.ch\/index.php?rest_route=\/wp\/v2\/pages\/1490\/revisions\/1677"}],"wp:attachment":[{"href":"https:\/\/xn--typisch-s-x9a.ch\/index.php?rest_route=%2Fwp%2Fv2%2Fmedia&parent=1490"}],"curies":[{"name":"wp","href":"https:\/\/api.w.org\/{rel}","templated":true}]}}