{"id":1482,"date":"2019-05-20T21:07:55","date_gmt":"2019-05-20T21:07:55","guid":{"rendered":"https:\/\/xn--typisch-s-x9a.ch\/?page_id=1482"},"modified":"2019-05-20T21:07:57","modified_gmt":"2019-05-20T21:07:57","slug":"tag-6-torshavn","status":"publish","type":"page","link":"https:\/\/xn--typisch-s-x9a.ch\/?page_id=1482","title":{"rendered":"Tag 6 &#8211; Torshavn"},"content":{"rendered":"<p>Heute sind wir nach dem Fr\u00fchst\u00fcck in Richtung Torshavn gefahren. Unterwegs haben wir 2 oder 3 Touristen-Car&#8217;s gekreuzt &#8211; die ersten in unseren Ferien&#8230; Der Tag begann mit leichtem Nieselregen, welcher unterwegs aufh\u00f6rte. Daf\u00fcr setzte kurz vor der Hauptstadt starker Nebel ein.<\/p>\n<p>In Torshavn angekommen besuchten wir als erstes die Altstadt, welche wirklich sensationell sch\u00f6n ist mit den vielen mit Gras \u00fcberwachsenen D\u00e4chern und den alten Holzh\u00e4usern.<\/p>\n<p>F\u00fcr einmal haben wir das s\u00fcsse Nichtstun genossen, in einem Cafe einen Kaffee getrunken (eh ja, wenn es schon einmal Restaurants hat), fotografiert, L\u00e4den und Schaufenster betrachtet und und und&#8230;<\/p>\n<p>Bald einmal wurde uns das Stadttreiben jedoch eher zu viel, wir waren in den letzten Tagen definitiv anderes gewohnt.<\/p>\n<p>Am Abend haben wir einen Tisch in einem Sushi-Restaurant reserviert. Dieses war winzig klein, das Essen war aber wirklich toll! Der Fisch hier ist wirklich sehr frisch und merklich anders als bei uns Zuhause!<\/p>\n<p>Hier haben wir in jedem Restaurant festgestellt, dass diese wirklich sehr ineffizient funktionieren. Beim betreten dauert es sehr lange, bis man an den Tisch gef\u00fchrt wird. Auch das aufnehmen der Bestellung, servieren der Getr\u00e4nke und Speisen und Abr\u00e4umen dauert sehr lange. Mehrere Arbeitsschritte werden nie zusammen ausgef\u00fchrt. Nie werden mehrere Bestellungen zusammen aufgenommen oder Tische abger\u00e4umt. Aber eben, andere L\u00e4nder, andere Sitten &#8211; und das ist gut so!<\/p>\n<p>F\u00fcr Morgen w\u00e4re der Besuch der Insel Mykines geplant gewesen. Da das Wetter aber nicht so toll aussieht und ausdr\u00fccklich davor gewarnt wird, dass die Schiffsverbindung ohne weiteres einmal ausf\u00e4llt, wollten wir unsere R\u00fcckreise \u00fcbermorgen nicht gef\u00e4hrden und wir haben uns schweren Herzen entschlossen, diesen Ausflug nicht zu unternehmen.<\/p>\n<p>Daf\u00fcr peilen wir noch einmal eine Wanderung an.<\/p>\n<p><img loading=\"lazy\" decoding=\"async\" src=\"https:\/\/xn--typisch-s-x9a.ch\/wp-content\/uploads\/2019\/05\/img_7171-1.jpg\" class=\"size-full wp-image-1653\" width=\"2000\" height=\"1000\" srcset=\"https:\/\/xn--typisch-s-x9a.ch\/wp-content\/uploads\/2019\/05\/img_7171-1.jpg 2000w, https:\/\/xn--typisch-s-x9a.ch\/wp-content\/uploads\/2019\/05\/img_7171-1-300x150.jpg 300w, https:\/\/xn--typisch-s-x9a.ch\/wp-content\/uploads\/2019\/05\/img_7171-1-768x384.jpg 768w, https:\/\/xn--typisch-s-x9a.ch\/wp-content\/uploads\/2019\/05\/img_7171-1-1024x512.jpg 1024w\" sizes=\"auto, (max-width: 706px) 89vw, (max-width: 767px) 82vw, 740px\" \/><img loading=\"lazy\" decoding=\"async\" src=\"https:\/\/xn--typisch-s-x9a.ch\/wp-content\/uploads\/2019\/05\/img_7170.jpg\" class=\"size-full wp-image-1654\" width=\"2000\" height=\"1000\" srcset=\"https:\/\/xn--typisch-s-x9a.ch\/wp-content\/uploads\/2019\/05\/img_7170.jpg 2000w, https:\/\/xn--typisch-s-x9a.ch\/wp-content\/uploads\/2019\/05\/img_7170-300x150.jpg 300w, https:\/\/xn--typisch-s-x9a.ch\/wp-content\/uploads\/2019\/05\/img_7170-768x384.jpg 768w, https:\/\/xn--typisch-s-x9a.ch\/wp-content\/uploads\/2019\/05\/img_7170-1024x512.jpg 1024w\" sizes=\"auto, (max-width: 706px) 89vw, (max-width: 767px) 82vw, 740px\" \/><img loading=\"lazy\" decoding=\"async\" src=\"https:\/\/xn--typisch-s-x9a.ch\/wp-content\/uploads\/2019\/05\/img_7169-1.jpg\" class=\"size-full wp-image-1656\" width=\"2000\" height=\"1000\" srcset=\"https:\/\/xn--typisch-s-x9a.ch\/wp-content\/uploads\/2019\/05\/img_7169-1.jpg 2000w, https:\/\/xn--typisch-s-x9a.ch\/wp-content\/uploads\/2019\/05\/img_7169-1-300x150.jpg 300w, https:\/\/xn--typisch-s-x9a.ch\/wp-content\/uploads\/2019\/05\/img_7169-1-768x384.jpg 768w, https:\/\/xn--typisch-s-x9a.ch\/wp-content\/uploads\/2019\/05\/img_7169-1-1024x512.jpg 1024w\" sizes=\"auto, (max-width: 706px) 89vw, (max-width: 767px) 82vw, 740px\" \/><img loading=\"lazy\" decoding=\"async\" src=\"https:\/\/xn--typisch-s-x9a.ch\/wp-content\/uploads\/2019\/05\/img_7168-1.jpg\" class=\"size-full wp-image-1657\" width=\"2000\" height=\"1000\" srcset=\"https:\/\/xn--typisch-s-x9a.ch\/wp-content\/uploads\/2019\/05\/img_7168-1.jpg 2000w, https:\/\/xn--typisch-s-x9a.ch\/wp-content\/uploads\/2019\/05\/img_7168-1-300x150.jpg 300w, https:\/\/xn--typisch-s-x9a.ch\/wp-content\/uploads\/2019\/05\/img_7168-1-768x384.jpg 768w, https:\/\/xn--typisch-s-x9a.ch\/wp-content\/uploads\/2019\/05\/img_7168-1-1024x512.jpg 1024w\" sizes=\"auto, (max-width: 706px) 89vw, (max-width: 767px) 82vw, 740px\" \/><img loading=\"lazy\" decoding=\"async\" src=\"https:\/\/xn--typisch-s-x9a.ch\/wp-content\/uploads\/2019\/05\/img_7166.jpg\" class=\"size-full wp-image-1650\" width=\"2000\" height=\"1000\" srcset=\"https:\/\/xn--typisch-s-x9a.ch\/wp-content\/uploads\/2019\/05\/img_7166.jpg 2000w, https:\/\/xn--typisch-s-x9a.ch\/wp-content\/uploads\/2019\/05\/img_7166-300x150.jpg 300w, https:\/\/xn--typisch-s-x9a.ch\/wp-content\/uploads\/2019\/05\/img_7166-768x384.jpg 768w, https:\/\/xn--typisch-s-x9a.ch\/wp-content\/uploads\/2019\/05\/img_7166-1024x512.jpg 1024w\" sizes=\"auto, (max-width: 706px) 89vw, (max-width: 767px) 82vw, 740px\" \/><img loading=\"lazy\" decoding=\"async\" src=\"https:\/\/xn--typisch-s-x9a.ch\/wp-content\/uploads\/2019\/05\/img_7165-1.jpg\" class=\"size-full wp-image-1655\" width=\"2000\" height=\"1000\" srcset=\"https:\/\/xn--typisch-s-x9a.ch\/wp-content\/uploads\/2019\/05\/img_7165-1.jpg 2000w, https:\/\/xn--typisch-s-x9a.ch\/wp-content\/uploads\/2019\/05\/img_7165-1-300x150.jpg 300w, https:\/\/xn--typisch-s-x9a.ch\/wp-content\/uploads\/2019\/05\/img_7165-1-768x384.jpg 768w, https:\/\/xn--typisch-s-x9a.ch\/wp-content\/uploads\/2019\/05\/img_7165-1-1024x512.jpg 1024w\" sizes=\"auto, (max-width: 706px) 89vw, (max-width: 767px) 82vw, 740px\" \/><\/p>\n","protected":false},"excerpt":{"rendered":"<p>Heute sind wir nach dem Fr\u00fchst\u00fcck in Richtung Torshavn gefahren. Unterwegs haben wir 2 oder 3 Touristen-Car&#8217;s gekreuzt &#8211; die ersten in unseren Ferien&#8230; Der Tag begann mit leichtem Nieselregen, welcher unterwegs aufh\u00f6rte. Daf\u00fcr setzte kurz vor der Hauptstadt starker Nebel ein. In Torshavn angekommen besuchten wir als erstes die Altstadt, welche wirklich sensationell sch\u00f6n &hellip; <\/p>\n<p class=\"link-more\"><a href=\"https:\/\/xn--typisch-s-x9a.ch\/?page_id=1482\" class=\"more-link\"><span class=\"screen-reader-text\">&#171;Tag 6 &#8211; Torshavn&#187;<\/span> weiterlesen<\/a><\/p>\n","protected":false},"author":1,"featured_media":0,"parent":0,"menu_order":0,"comment_status":"closed","ping_status":"closed","template":"","meta":{"footnotes":""},"class_list":["post-1482","page","type-page","status-publish","hentry"],"jetpack_sharing_enabled":true,"_links":{"self":[{"href":"https:\/\/xn--typisch-s-x9a.ch\/index.php?rest_route=\/wp\/v2\/pages\/1482","targetHints":{"allow":["GET"]}}],"collection":[{"href":"https:\/\/xn--typisch-s-x9a.ch\/index.php?rest_route=\/wp\/v2\/pages"}],"about":[{"href":"https:\/\/xn--typisch-s-x9a.ch\/index.php?rest_route=\/wp\/v2\/types\/page"}],"author":[{"embeddable":true,"href":"https:\/\/xn--typisch-s-x9a.ch\/index.php?rest_route=\/wp\/v2\/users\/1"}],"replies":[{"embeddable":true,"href":"https:\/\/xn--typisch-s-x9a.ch\/index.php?rest_route=%2Fwp%2Fv2%2Fcomments&post=1482"}],"version-history":[{"count":2,"href":"https:\/\/xn--typisch-s-x9a.ch\/index.php?rest_route=\/wp\/v2\/pages\/1482\/revisions"}],"predecessor-version":[{"id":1658,"href":"https:\/\/xn--typisch-s-x9a.ch\/index.php?rest_route=\/wp\/v2\/pages\/1482\/revisions\/1658"}],"wp:attachment":[{"href":"https:\/\/xn--typisch-s-x9a.ch\/index.php?rest_route=%2Fwp%2Fv2%2Fmedia&parent=1482"}],"curies":[{"name":"wp","href":"https:\/\/api.w.org\/{rel}","templated":true}]}}