{"id":1478,"date":"2019-05-19T19:02:26","date_gmt":"2019-05-19T19:02:26","guid":{"rendered":"https:\/\/xn--typisch-s-x9a.ch\/?page_id=1478"},"modified":"2019-05-19T19:02:30","modified_gmt":"2019-05-19T19:02:30","slug":"tag-5-gjogv","status":"publish","type":"page","link":"https:\/\/xn--typisch-s-x9a.ch\/?page_id=1478","title":{"rendered":"Tag 5 &#8211; Gjogv"},"content":{"rendered":"<p>Nach dem zeitigen Fr\u00fchst\u00fcck sind wir losgefahren mit dem Ziel Eidi. Die schmale Strasse zur Ortschaft f\u00fchrte von Gjogv \u00fcber eine H\u00fcgelkette. Unterwegs haben wir wie immer in den letzten Tagen unz\u00e4hlige Schafe und L\u00e4mmer auf und neben der Strasse angetroffen. Am Ziel angekommen kletterten wir viele viele Stufen bis zum Gipfel. Dort angekommen wurden wir &#8211; trotz vieler Wolken &#8211; mit einer umwerfenden Aussicht belohnt und wir konnten super die Vogelwelt auf den nahen Felsen beobachten.<\/p>\n<p>Wieder unten angekommen suchten wir in der Ortschaft ein kleines Cafe, welches uns auf der elektronischen Karte angezeigt wurde. Nada, niente, nixda! Marianne versuchte zwar, nach einem kr\u00e4ftigen Klopfen in die Gaststube zu gelangen &#8211; sie landete aber in einem Wohnzimmer \ud83d\ude43\ud83d\ude43\ud83d\ude43. Also wieder absolut keine Gelegenheit, Geld auszugeben&#8230;<\/p>\n<p>Da es noch fr\u00fch war, beschlossen wir noch Saksun zu besuchen. Auch hier f\u00fchrte der Weg \u00fcber eine etwas h\u00f6her gebaute schmale Strasse durch das gesamte Tal dorthin. Saksun selber hat uns eher entt\u00e4uscht, ausser den von Fotos bekannten 4-5 mit Grasd\u00e4chern bewachsenen H\u00e4usern gab es da wirklich nichts&#8230; Zudem haben wir zum ersten Mal ernsthaft Touristenmassen angetroffen: Wir haben ausser uns noch etwa 8 Personen gez\u00e4hlt \ud83d\ude01\ud83d\ude01\ud83d\ude01.<\/p>\n<p>Zur\u00fcck im Guesthouse in Gjogv haben wir noch die Vogelklippen erklommen und erneut die Flugk\u00fcnstler von nah bestaunt.<\/p>\n<p>Zum Abendessen gab es heute (&#8230; nein, schon wieder keine H\u00e4mis) ein super leckeres Buffet mit f\u00e4r\u00f6ischen Speisen. Es war megafein. Speziell genossen haben wir den Brockoli, TK zwar &#8211; aber endlich Gem\u00fcse \ud83d\udc4d\ud83d\udc4d\ud83d\udc4d&#8230;<\/p>\n<p><img loading=\"lazy\" decoding=\"async\" src=\"https:\/\/xn--typisch-s-x9a.ch\/wp-content\/uploads\/2019\/05\/img_7015.jpg\" class=\"size-full wp-image-1633\" width=\"2000\" height=\"1000\" srcset=\"https:\/\/xn--typisch-s-x9a.ch\/wp-content\/uploads\/2019\/05\/img_7015.jpg 2000w, https:\/\/xn--typisch-s-x9a.ch\/wp-content\/uploads\/2019\/05\/img_7015-300x150.jpg 300w, https:\/\/xn--typisch-s-x9a.ch\/wp-content\/uploads\/2019\/05\/img_7015-768x384.jpg 768w, https:\/\/xn--typisch-s-x9a.ch\/wp-content\/uploads\/2019\/05\/img_7015-1024x512.jpg 1024w\" sizes=\"auto, (max-width: 706px) 89vw, (max-width: 767px) 82vw, 740px\" \/><img loading=\"lazy\" decoding=\"async\" src=\"https:\/\/xn--typisch-s-x9a.ch\/wp-content\/uploads\/2019\/05\/img_7016-1.jpg\" class=\"size-full wp-image-1634\" width=\"2000\" height=\"1000\" srcset=\"https:\/\/xn--typisch-s-x9a.ch\/wp-content\/uploads\/2019\/05\/img_7016-1.jpg 2000w, https:\/\/xn--typisch-s-x9a.ch\/wp-content\/uploads\/2019\/05\/img_7016-1-300x150.jpg 300w, https:\/\/xn--typisch-s-x9a.ch\/wp-content\/uploads\/2019\/05\/img_7016-1-768x384.jpg 768w, https:\/\/xn--typisch-s-x9a.ch\/wp-content\/uploads\/2019\/05\/img_7016-1-1024x512.jpg 1024w\" sizes=\"auto, (max-width: 706px) 89vw, (max-width: 767px) 82vw, 740px\" \/><img loading=\"lazy\" decoding=\"async\" src=\"https:\/\/xn--typisch-s-x9a.ch\/wp-content\/uploads\/2019\/05\/img_7021-1.jpg\" class=\"size-full wp-image-1635\" width=\"2000\" height=\"1000\" srcset=\"https:\/\/xn--typisch-s-x9a.ch\/wp-content\/uploads\/2019\/05\/img_7021-1.jpg 2000w, https:\/\/xn--typisch-s-x9a.ch\/wp-content\/uploads\/2019\/05\/img_7021-1-300x150.jpg 300w, https:\/\/xn--typisch-s-x9a.ch\/wp-content\/uploads\/2019\/05\/img_7021-1-768x384.jpg 768w, https:\/\/xn--typisch-s-x9a.ch\/wp-content\/uploads\/2019\/05\/img_7021-1-1024x512.jpg 1024w\" sizes=\"auto, (max-width: 706px) 89vw, (max-width: 767px) 82vw, 740px\" \/><img loading=\"lazy\" decoding=\"async\" src=\"https:\/\/xn--typisch-s-x9a.ch\/wp-content\/uploads\/2019\/05\/img_7023-1.jpg\" class=\"size-full wp-image-1637\" width=\"2000\" height=\"1000\" srcset=\"https:\/\/xn--typisch-s-x9a.ch\/wp-content\/uploads\/2019\/05\/img_7023-1.jpg 2000w, https:\/\/xn--typisch-s-x9a.ch\/wp-content\/uploads\/2019\/05\/img_7023-1-300x150.jpg 300w, https:\/\/xn--typisch-s-x9a.ch\/wp-content\/uploads\/2019\/05\/img_7023-1-768x384.jpg 768w, https:\/\/xn--typisch-s-x9a.ch\/wp-content\/uploads\/2019\/05\/img_7023-1-1024x512.jpg 1024w\" sizes=\"auto, (max-width: 706px) 89vw, (max-width: 767px) 82vw, 740px\" \/><img loading=\"lazy\" decoding=\"async\" src=\"https:\/\/xn--typisch-s-x9a.ch\/wp-content\/uploads\/2019\/05\/img_7024.jpg\" class=\"size-full wp-image-1632\" width=\"2000\" height=\"1000\" srcset=\"https:\/\/xn--typisch-s-x9a.ch\/wp-content\/uploads\/2019\/05\/img_7024.jpg 2000w, https:\/\/xn--typisch-s-x9a.ch\/wp-content\/uploads\/2019\/05\/img_7024-300x150.jpg 300w, https:\/\/xn--typisch-s-x9a.ch\/wp-content\/uploads\/2019\/05\/img_7024-768x384.jpg 768w, https:\/\/xn--typisch-s-x9a.ch\/wp-content\/uploads\/2019\/05\/img_7024-1024x512.jpg 1024w\" sizes=\"auto, (max-width: 706px) 89vw, (max-width: 767px) 82vw, 740px\" \/><img loading=\"lazy\" decoding=\"async\" src=\"https:\/\/xn--typisch-s-x9a.ch\/wp-content\/uploads\/2019\/05\/img_7025-1.jpg\" class=\"size-full wp-image-1636\" width=\"2000\" height=\"1000\" srcset=\"https:\/\/xn--typisch-s-x9a.ch\/wp-content\/uploads\/2019\/05\/img_7025-1.jpg 2000w, https:\/\/xn--typisch-s-x9a.ch\/wp-content\/uploads\/2019\/05\/img_7025-1-300x150.jpg 300w, https:\/\/xn--typisch-s-x9a.ch\/wp-content\/uploads\/2019\/05\/img_7025-1-768x384.jpg 768w, https:\/\/xn--typisch-s-x9a.ch\/wp-content\/uploads\/2019\/05\/img_7025-1-1024x512.jpg 1024w\" sizes=\"auto, (max-width: 706px) 89vw, (max-width: 767px) 82vw, 740px\" \/><\/p>\n","protected":false},"excerpt":{"rendered":"<p>Nach dem zeitigen Fr\u00fchst\u00fcck sind wir losgefahren mit dem Ziel Eidi. Die schmale Strasse zur Ortschaft f\u00fchrte von Gjogv \u00fcber eine H\u00fcgelkette. Unterwegs haben wir wie immer in den letzten Tagen unz\u00e4hlige Schafe und L\u00e4mmer auf und neben der Strasse angetroffen. Am Ziel angekommen kletterten wir viele viele Stufen bis zum Gipfel. Dort angekommen wurden &hellip; <\/p>\n<p class=\"link-more\"><a href=\"https:\/\/xn--typisch-s-x9a.ch\/?page_id=1478\" class=\"more-link\"><span class=\"screen-reader-text\">&#171;Tag 5 &#8211; Gjogv&#187;<\/span> weiterlesen<\/a><\/p>\n","protected":false},"author":1,"featured_media":0,"parent":0,"menu_order":0,"comment_status":"closed","ping_status":"closed","template":"","meta":{"footnotes":""},"class_list":["post-1478","page","type-page","status-publish","hentry"],"jetpack_sharing_enabled":true,"_links":{"self":[{"href":"https:\/\/xn--typisch-s-x9a.ch\/index.php?rest_route=\/wp\/v2\/pages\/1478","targetHints":{"allow":["GET"]}}],"collection":[{"href":"https:\/\/xn--typisch-s-x9a.ch\/index.php?rest_route=\/wp\/v2\/pages"}],"about":[{"href":"https:\/\/xn--typisch-s-x9a.ch\/index.php?rest_route=\/wp\/v2\/types\/page"}],"author":[{"embeddable":true,"href":"https:\/\/xn--typisch-s-x9a.ch\/index.php?rest_route=\/wp\/v2\/users\/1"}],"replies":[{"embeddable":true,"href":"https:\/\/xn--typisch-s-x9a.ch\/index.php?rest_route=%2Fwp%2Fv2%2Fcomments&post=1478"}],"version-history":[{"count":2,"href":"https:\/\/xn--typisch-s-x9a.ch\/index.php?rest_route=\/wp\/v2\/pages\/1478\/revisions"}],"predecessor-version":[{"id":1638,"href":"https:\/\/xn--typisch-s-x9a.ch\/index.php?rest_route=\/wp\/v2\/pages\/1478\/revisions\/1638"}],"wp:attachment":[{"href":"https:\/\/xn--typisch-s-x9a.ch\/index.php?rest_route=%2Fwp%2Fv2%2Fmedia&parent=1478"}],"curies":[{"name":"wp","href":"https:\/\/api.w.org\/{rel}","templated":true}]}}