{"id":1463,"date":"2019-05-16T19:35:14","date_gmt":"2019-05-16T19:35:14","guid":{"rendered":"https:\/\/xn--typisch-s-x9a.ch\/?page_id=1463"},"modified":"2019-05-16T19:53:37","modified_gmt":"2019-05-16T19:53:37","slug":"tag-2-klaksvik","status":"publish","type":"page","link":"https:\/\/xn--typisch-s-x9a.ch\/?page_id=1463","title":{"rendered":"Tag 2 &#8211; Klaksvik"},"content":{"rendered":"<p>Wir sind fr\u00fch wach, da es erst um 23.00 Uhr dunkel wird und ab 04.15 Uhr bereits wieder hell. Kein Wunder ist der Fr\u00fchst\u00fccksraum, als wir ihn um 07.00 Uhr aufsuchten, bereits gut gef\u00fcllt! Das ist uns nun schon laaaange nicht mehr passiert \ud83d\ude43\ud83d\ude43\ud83d\ude43&#8230;<\/p>\n<p>Ziel sind die Felsen von Bosdalafossur, wo der See von Sorvagsvatn ins Meer fliesst. Wir freuen uns, an diesem wundersch\u00f6n sonnigen Tag diese Wanderung unter die F\u00fcsse zu nehmen. Doch nach dem kurzen Aufstieg vom Dorf stossen wir auf ein Tor mit einem K\u00e4sseli. Uns wurde mitgeteilt, dass dieser Weg \u00fcber Privatgrund f\u00fchrt und pro Person 200 DK bezahlt werden m\u00fcsse &#8211; dies bedeutet f\u00fcr uns beide ca. 60 Franken&#8230; Wir haben dankend abgelehnt und frustriert kehrt gemacht. Wie sich sp\u00e4ter herausstellte, waren s\u00e4mtliche anderen Wege dorthin gesperrt \ud83d\ude21\ud83d\ude21\ud83d\ude21!<\/p>\n<p>J\u00e4 nu, so ging es weiter in Richtung unserem zweiten Hotel in Klaksvik. In Klaksvik sind wir auf den Klakkur marschiert und wir wurden ganz oben mit einer atemberaubenden Aussicht auf die Inseln Bordoy, Kunoi, Kalsoy und Eysturoi f\u00fcrstlich belohnt! Die Landschaft ist wirklich fast unwirklich sch\u00f6n, rau, einzigartig und man hat manchmal fast den Eindruck, man befindet sich nicht mehr auf dieser Erde. Phantastisch!!!<\/p>\n<p>Am Abend folgte die Suche nach einem geeigneten Lokal. Hier muss man sagen, dass die F\u00e4ringer nicht wirklich eine &#171;aussw\u00e4rts-Ess-Kultur&#187; haben. Klaksvik ist die zweitgr\u00f6sste Stadt auf dieser Inselgruppe, Restaurants hat es etwa 5, wovon etwa zwei Imbissbuden sind und eine geschlossen war&#8230; Unsere Wahl fiel auf ein Steakhouse &#8211; dort wurde uns jedoch mitgeteilt, dass alles bereits reserviert sei. Bei uns sank die Stimmung sofort schlagartig \ud83d\udc80\ud83d\udc80\ud83d\udc80&#8230; In einem nahe gelegenen Pub erhielten wir dann doch noch einen gar nicht mal so \u00fcblen Burger und ein lokales Bier aus der Brauerei nebenan.<\/p>\n<p>Ein wenig wehm\u00fctig denken wir an den unvergesslichen Abend am Vortag im Koks mit all den Meisterleistungen auf den Tellern, den freundlichen Gastgebern, die ungezwungene Atmosph\u00e4re&#8230;<\/p>\n<p>Und wir merken uns: Reservieren, RESERVIEREN!!!!!!!!! !<\/p>\n<p><img loading=\"lazy\" decoding=\"async\" src=\"https:\/\/xn--typisch-s-x9a.ch\/wp-content\/uploads\/2019\/05\/img_1822.jpg\" class=\"size-full wp-image-1574\" width=\"2000\" height=\"1000\" srcset=\"https:\/\/xn--typisch-s-x9a.ch\/wp-content\/uploads\/2019\/05\/img_1822.jpg 2000w, https:\/\/xn--typisch-s-x9a.ch\/wp-content\/uploads\/2019\/05\/img_1822-300x150.jpg 300w, https:\/\/xn--typisch-s-x9a.ch\/wp-content\/uploads\/2019\/05\/img_1822-768x384.jpg 768w, https:\/\/xn--typisch-s-x9a.ch\/wp-content\/uploads\/2019\/05\/img_1822-1024x512.jpg 1024w\" sizes=\"auto, (max-width: 706px) 89vw, (max-width: 767px) 82vw, 740px\" \/><img loading=\"lazy\" decoding=\"async\" src=\"https:\/\/xn--typisch-s-x9a.ch\/wp-content\/uploads\/2019\/05\/img_1823.jpg\" class=\"size-full wp-image-1573\" width=\"2000\" height=\"1000\" srcset=\"https:\/\/xn--typisch-s-x9a.ch\/wp-content\/uploads\/2019\/05\/img_1823.jpg 2000w, https:\/\/xn--typisch-s-x9a.ch\/wp-content\/uploads\/2019\/05\/img_1823-300x150.jpg 300w, https:\/\/xn--typisch-s-x9a.ch\/wp-content\/uploads\/2019\/05\/img_1823-768x384.jpg 768w, https:\/\/xn--typisch-s-x9a.ch\/wp-content\/uploads\/2019\/05\/img_1823-1024x512.jpg 1024w\" sizes=\"auto, (max-width: 706px) 89vw, (max-width: 767px) 82vw, 740px\" \/><img loading=\"lazy\" decoding=\"async\" src=\"https:\/\/xn--typisch-s-x9a.ch\/wp-content\/uploads\/2019\/05\/img_1824-1.jpg\" class=\"size-full wp-image-1578\" width=\"2000\" height=\"1000\" srcset=\"https:\/\/xn--typisch-s-x9a.ch\/wp-content\/uploads\/2019\/05\/img_1824-1.jpg 2000w, https:\/\/xn--typisch-s-x9a.ch\/wp-content\/uploads\/2019\/05\/img_1824-1-300x150.jpg 300w, https:\/\/xn--typisch-s-x9a.ch\/wp-content\/uploads\/2019\/05\/img_1824-1-768x384.jpg 768w, https:\/\/xn--typisch-s-x9a.ch\/wp-content\/uploads\/2019\/05\/img_1824-1-1024x512.jpg 1024w\" sizes=\"auto, (max-width: 706px) 89vw, (max-width: 767px) 82vw, 740px\" \/><img loading=\"lazy\" decoding=\"async\" src=\"https:\/\/xn--typisch-s-x9a.ch\/wp-content\/uploads\/2019\/05\/img_1825.jpg\" class=\"size-full wp-image-1577\" width=\"2000\" height=\"1000\" srcset=\"https:\/\/xn--typisch-s-x9a.ch\/wp-content\/uploads\/2019\/05\/img_1825.jpg 2000w, https:\/\/xn--typisch-s-x9a.ch\/wp-content\/uploads\/2019\/05\/img_1825-300x150.jpg 300w, https:\/\/xn--typisch-s-x9a.ch\/wp-content\/uploads\/2019\/05\/img_1825-768x384.jpg 768w, https:\/\/xn--typisch-s-x9a.ch\/wp-content\/uploads\/2019\/05\/img_1825-1024x512.jpg 1024w\" sizes=\"auto, (max-width: 706px) 89vw, (max-width: 767px) 82vw, 740px\" \/><\/p>\n<p><img loading=\"lazy\" decoding=\"async\" src=\"https:\/\/xn--typisch-s-x9a.ch\/wp-content\/uploads\/2019\/05\/img_1827-1.jpg\" class=\"size-full wp-image-1583\" width=\"2000\" height=\"1000\" srcset=\"https:\/\/xn--typisch-s-x9a.ch\/wp-content\/uploads\/2019\/05\/img_1827-1.jpg 2000w, https:\/\/xn--typisch-s-x9a.ch\/wp-content\/uploads\/2019\/05\/img_1827-1-300x150.jpg 300w, https:\/\/xn--typisch-s-x9a.ch\/wp-content\/uploads\/2019\/05\/img_1827-1-768x384.jpg 768w, https:\/\/xn--typisch-s-x9a.ch\/wp-content\/uploads\/2019\/05\/img_1827-1-1024x512.jpg 1024w\" sizes=\"auto, (max-width: 706px) 89vw, (max-width: 767px) 82vw, 740px\" \/><\/p>\n","protected":false},"excerpt":{"rendered":"<p>Wir sind fr\u00fch wach, da es erst um 23.00 Uhr dunkel wird und ab 04.15 Uhr bereits wieder hell. Kein Wunder ist der Fr\u00fchst\u00fccksraum, als wir ihn um 07.00 Uhr aufsuchten, bereits gut gef\u00fcllt! Das ist uns nun schon laaaange nicht mehr passiert \ud83d\ude43\ud83d\ude43\ud83d\ude43&#8230; Ziel sind die Felsen von Bosdalafossur, wo der See von Sorvagsvatn &hellip; <\/p>\n<p class=\"link-more\"><a href=\"https:\/\/xn--typisch-s-x9a.ch\/?page_id=1463\" class=\"more-link\"><span class=\"screen-reader-text\">&#171;Tag 2 &#8211; Klaksvik&#187;<\/span> weiterlesen<\/a><\/p>\n","protected":false},"author":1,"featured_media":0,"parent":0,"menu_order":0,"comment_status":"closed","ping_status":"closed","template":"","meta":{"footnotes":""},"class_list":["post-1463","page","type-page","status-publish","hentry"],"jetpack_sharing_enabled":true,"_links":{"self":[{"href":"https:\/\/xn--typisch-s-x9a.ch\/index.php?rest_route=\/wp\/v2\/pages\/1463","targetHints":{"allow":["GET"]}}],"collection":[{"href":"https:\/\/xn--typisch-s-x9a.ch\/index.php?rest_route=\/wp\/v2\/pages"}],"about":[{"href":"https:\/\/xn--typisch-s-x9a.ch\/index.php?rest_route=\/wp\/v2\/types\/page"}],"author":[{"embeddable":true,"href":"https:\/\/xn--typisch-s-x9a.ch\/index.php?rest_route=\/wp\/v2\/users\/1"}],"replies":[{"embeddable":true,"href":"https:\/\/xn--typisch-s-x9a.ch\/index.php?rest_route=%2Fwp%2Fv2%2Fcomments&post=1463"}],"version-history":[{"count":6,"href":"https:\/\/xn--typisch-s-x9a.ch\/index.php?rest_route=\/wp\/v2\/pages\/1463\/revisions"}],"predecessor-version":[{"id":1584,"href":"https:\/\/xn--typisch-s-x9a.ch\/index.php?rest_route=\/wp\/v2\/pages\/1463\/revisions\/1584"}],"wp:attachment":[{"href":"https:\/\/xn--typisch-s-x9a.ch\/index.php?rest_route=%2Fwp%2Fv2%2Fmedia&parent=1463"}],"curies":[{"name":"wp","href":"https:\/\/api.w.org\/{rel}","templated":true}]}}