{"id":1456,"date":"2019-05-09T07:36:21","date_gmt":"2019-05-09T07:36:21","guid":{"rendered":"https:\/\/xn--typisch-s-x9a.ch\/?page_id=1456"},"modified":"2023-04-11T06:56:24","modified_gmt":"2023-04-11T06:56:24","slug":"faeroeer-inseln","status":"publish","type":"page","link":"https:\/\/xn--typisch-s-x9a.ch\/?page_id=1456","title":{"rendered":"F\u00e4r\u00f6er-Inseln \ud83d\udc49"},"content":{"rendered":"\n<p>Im letzten Jahr hatten wir zum ersten Mal Bilder von den F\u00e4r\u00f6ern gesehen &#8211; und diese hatten uns direkt ber\u00fchrt.<\/p>\n\n\n\n<p>Diese wundersch\u00f6ne Landschaften, wilden K\u00fcsten, Naturgewalten und nat\u00fcrlich Schafe, Schafe, Schafe&#8230;<\/p>\n\n\n\n<p>Bald einmal machten wir uns etwas schlauer und je mehr wir von diesen Inseln erfuhren, um so gr\u00f6sser wurde unsere Faszination zu dieser kleinen Inselgruppe.<\/p>\n\n\n\n<p>Auf den F\u00e4r\u00f6ern (oder auch Schafsinseln genannt) leben ca. 50&#8217;000 Menschen und etwa doppelt so viele Schafe auf den 18 Inseln. Sie geh\u00f6ren zu D\u00e4nemark, auch wenn sie stark ihre Unabh\u00e4ngigkeit betonen. Dies zeigt sich auch darin, dass sie entgegen dem Mutterland D\u00e4nemark nicht Mitglied der EU sind.<\/p>\n\n\n\n<p>Geografisch liegen sie etwa in der Mitte zwischen Norwegen, Schottland und Island im Nordatlantik<\/p>\n\n\n\n<p>Die durchschnittliche Temperatur betr\u00e4gt 8.6 Grad, die Anzahl Regentage werden mit 206 Tage pro Jahr angegeben. Das Wetter wechselt oft, es muss in jeder Stunde mit Regen, Sonne und Schnee gerechnet werden.<\/p>\n\n\n\n<p>Der st\u00e4ndige Wetterwechsel ist auch der Grund f\u00fcr den Spitznamen <em>Islands of Maybe<\/em> (Insel von vielleicht)&#8230;<\/p>\n","protected":false},"excerpt":{"rendered":"<p>Im letzten Jahr hatten wir zum ersten Mal Bilder von den F\u00e4r\u00f6ern gesehen &#8211; und diese hatten uns direkt ber\u00fchrt. Diese wundersch\u00f6ne Landschaften, wilden K\u00fcsten, Naturgewalten und nat\u00fcrlich Schafe, Schafe, Schafe&#8230; Bald einmal machten wir uns etwas schlauer und je mehr wir von diesen Inseln erfuhren, um so gr\u00f6sser wurde unsere Faszination zu dieser kleinen &hellip; <\/p>\n<p class=\"link-more\"><a href=\"https:\/\/xn--typisch-s-x9a.ch\/?page_id=1456\" class=\"more-link\"><span class=\"screen-reader-text\">&#171;F\u00e4r\u00f6er-Inseln \ud83d\udc49&#187;<\/span> weiterlesen<\/a><\/p>\n","protected":false},"author":1,"featured_media":1664,"parent":196,"menu_order":0,"comment_status":"closed","ping_status":"closed","template":"","meta":{"footnotes":""},"class_list":["post-1456","page","type-page","status-publish","has-post-thumbnail","hentry"],"jetpack_sharing_enabled":true,"_links":{"self":[{"href":"https:\/\/xn--typisch-s-x9a.ch\/index.php?rest_route=\/wp\/v2\/pages\/1456","targetHints":{"allow":["GET"]}}],"collection":[{"href":"https:\/\/xn--typisch-s-x9a.ch\/index.php?rest_route=\/wp\/v2\/pages"}],"about":[{"href":"https:\/\/xn--typisch-s-x9a.ch\/index.php?rest_route=\/wp\/v2\/types\/page"}],"author":[{"embeddable":true,"href":"https:\/\/xn--typisch-s-x9a.ch\/index.php?rest_route=\/wp\/v2\/users\/1"}],"replies":[{"embeddable":true,"href":"https:\/\/xn--typisch-s-x9a.ch\/index.php?rest_route=%2Fwp%2Fv2%2Fcomments&post=1456"}],"version-history":[{"count":5,"href":"https:\/\/xn--typisch-s-x9a.ch\/index.php?rest_route=\/wp\/v2\/pages\/1456\/revisions"}],"predecessor-version":[{"id":3763,"href":"https:\/\/xn--typisch-s-x9a.ch\/index.php?rest_route=\/wp\/v2\/pages\/1456\/revisions\/3763"}],"up":[{"embeddable":true,"href":"https:\/\/xn--typisch-s-x9a.ch\/index.php?rest_route=\/wp\/v2\/pages\/196"}],"wp:featuredmedia":[{"embeddable":true,"href":"https:\/\/xn--typisch-s-x9a.ch\/index.php?rest_route=\/wp\/v2\/media\/1664"}],"wp:attachment":[{"href":"https:\/\/xn--typisch-s-x9a.ch\/index.php?rest_route=%2Fwp%2Fv2%2Fmedia&parent=1456"}],"curies":[{"name":"wp","href":"https:\/\/api.w.org\/{rel}","templated":true}]}}